
{"id":104,"date":"2013-10-31T09:46:47","date_gmt":"2013-10-31T09:46:47","guid":{"rendered":"http:\/\/dobratice.knihovna.info\/?page_id=104"},"modified":"2013-10-31T11:02:14","modified_gmt":"2013-10-31T11:02:14","slug":"sluzby","status":"publish","type":"page","link":"https:\/\/dobratice.knihovna.info\/?page_id=104","title":{"rendered":"Slu\u017eby"},"content":{"rendered":"<p>Mil\u00ed n\u00e1v\u0161t\u011bvn\u00edci, nab\u00edz\u00edme V\u00e1m p\u0159edev\u0161\u00edm tyto slu\u017eby:<\/p>\n<ul>\n<li><b>V\u00fdp\u016fj\u010dn\u00ed slu\u017eby<\/b> V\u00e1m zajist\u00ed neomezen\u00fd p\u0159\u00edsun \u010detby p\u0159esn\u011b podle Va\u0161eho vkusu a n\u00e1lady. B\u00e1je\u010dn\u00e1 v\u011bc, pohodln\u00e1 a praktick\u00e1. Celoro\u010dn\u00ed registra\u010dn\u00ed poplatek je ni\u017e\u0161\u00ed ne\u017e b\u011b\u017en\u00e1 cena, kterou byste zaplatili za jedinou knihu v knihkupectv\u00ed. Nav\u00edc po uplynut\u00ed v\u00fdp\u016fj\u010dn\u00ed doby se V\u00e1m doma op\u011bt uvoln\u00ed m\u00edsto pro dal\u0161\u00ed zaj\u00edmav\u00e9 kn\u00ed\u017eky!<\/li>\n<li><b>Meziknihovn\u00ed v\u00fdp\u016fj\u010dn\u00ed slu\u017eby<\/b> za\u0159\u00edd\u00ed, \u017ee se k V\u00e1m dostane cokoliv zrovna pot\u0159ebujete. Pokud jste nena\u0161li u n\u00e1s, objedn\u00e1me odjinud!<\/li>\n<li><strong>Kulturn\u00ed akce pro ve\u0159ejnost\u00a0 &#8211; <\/strong>v\u00fdstavy fotografi\u00ed, prodejn\u00ed v\u00fdstavy knih,\u00a0 cestovatelsk\u00e9 besedy, v\u00fdtvarn\u00e9 d\u00edlny pro d\u011bti i dosp\u011bl\u00e9<\/li>\n<li><b>P\u0159\u00edstup k Internetu je zdarma<\/b>. Jsme V\u00e1m k dispozici, kdy\u017e si nev\u00edte rady!<\/li>\n<li><strong>Kop\u00edrov\u00e1n\u00ed dokument\u016f do form\u00e1tu A4 &#8211; <\/strong>\u010dernob\u00edle i barevn\u011b<\/li>\n<li><strong>Laminov\u00e1n\u00ed dokument\u016f <\/strong>&#8211; do form\u00e1tu\u00a0A3<\/li>\n<li><b>Zodpov\u00edme Va\u0161e dotazy!<\/b><\/li>\n<\/ul>\n<p><b>Budeme r\u00e1di, kdy\u017e n\u00e1m d\u00e1te v\u011bd\u011bt, zda jste s na\u0161imi slu\u017ebami spokojeni!<\/b><\/p>\n<p>Pot\u011b\u0161\u00ed n\u00e1s nap\u0159\u00edklad:<\/p>\n<ul>\n<li>jak\u00e9koliv n\u00e1vrhy na jejich zlep\u0161en\u00ed,<\/li>\n<li>n\u00e1pady na akce a hosty,<\/li>\n<li>tipy na nov\u00e9 knihy \u010di \u010dasopisy, kter\u00e9 V\u00e1m doposud ve fondu chyb\u00ed.<\/li>\n<\/ul>\n<p>&nbsp;<\/p>\n","protected":false},"excerpt":{"rendered":"<p>Mil\u00ed n\u00e1v\u0161t\u011bvn\u00edci, nab\u00edz\u00edme V\u00e1m p\u0159edev\u0161\u00edm tyto slu\u017eby: V\u00fdp\u016fj\u010dn\u00ed slu\u017eby V\u00e1m zajist\u00ed neomezen\u00fd p\u0159\u00edsun \u010detby p\u0159esn\u011b podle Va\u0161eho vkusu a n\u00e1lady. B\u00e1je\u010dn\u00e1 v\u011bc, pohodln\u00e1 a praktick\u00e1. Celoro\u010dn\u00ed registra\u010dn\u00ed poplatek je ni\u017e\u0161\u00ed ne\u017e b\u011b\u017en\u00e1 cena, kterou byste zaplatili za jedinou knihu v knihkupectv\u00ed. Nav\u00edc po uplynut\u00ed v\u00fdp\u016fj\u010dn\u00ed doby se V\u00e1m doma op\u011bt uvoln\u00ed m\u00edsto pro dal\u0161\u00ed zaj\u00edmav\u00e9 [&hellip;]<\/p>\n","protected":false},"author":1,"featured_media":0,"parent":0,"menu_order":0,"comment_status":"closed","ping_status":"closed","template":"","meta":{"ngg_post_thumbnail":0,"footnotes":""},"class_list":["post-104","page","type-page","status-publish","hentry"],"_links":{"self":[{"href":"https:\/\/dobratice.knihovna.info\/index.php?rest_route=\/wp\/v2\/pages\/104","targetHints":{"allow":["GET"]}}],"collection":[{"href":"https:\/\/dobratice.knihovna.info\/index.php?rest_route=\/wp\/v2\/pages"}],"about":[{"href":"https:\/\/dobratice.knihovna.info\/index.php?rest_route=\/wp\/v2\/types\/page"}],"author":[{"embeddable":true,"href":"https:\/\/dobratice.knihovna.info\/index.php?rest_route=\/wp\/v2\/users\/1"}],"replies":[{"embeddable":true,"href":"https:\/\/dobratice.knihovna.info\/index.php?rest_route=%2Fwp%2Fv2%2Fcomments&post=104"}],"version-history":[{"count":1,"href":"https:\/\/dobratice.knihovna.info\/index.php?rest_route=\/wp\/v2\/pages\/104\/revisions"}],"predecessor-version":[{"id":106,"href":"https:\/\/dobratice.knihovna.info\/index.php?rest_route=\/wp\/v2\/pages\/104\/revisions\/106"}],"wp:attachment":[{"href":"https:\/\/dobratice.knihovna.info\/index.php?rest_route=%2Fwp%2Fv2%2Fmedia&parent=104"}],"curies":[{"name":"wp","href":"https:\/\/api.w.org\/{rel}","templated":true}]}}