
{"id":114,"date":"2013-10-31T10:46:54","date_gmt":"2013-10-31T10:46:54","guid":{"rendered":"http:\/\/dobratice.knihovna.info\/?page_id=114"},"modified":"2017-07-20T11:48:20","modified_gmt":"2017-07-20T11:48:20","slug":"region","status":"publish","type":"page","link":"https:\/\/dobratice.knihovna.info\/?page_id=114","title":{"rendered":"Region"},"content":{"rendered":"<p>&nbsp;<\/p>\n<p>Knihovna Dobr\u00e1 je pov\u011b\u0159ena Moravskoslezsk\u00fdm krajem vykon\u00e1vat <strong>region\u00e1ln\u00ed funkce<\/strong> pro tyto obce : <strong>Dobratice, Horn\u00ed Domaslavice, No\u0161ovice, Pazdernou, Sob\u011b\u0161ovice, Vojkovice a \u017dermanice<\/strong>. Pro tyto knihovny, na z\u00e1klad\u011b vz\u00e1jemn\u00fdch smluv, prov\u00e1d\u00ed ve\u0161kerou <strong>odbornou knihovnickou, person\u00e1ln\u00ed, mzdovou a \u00fa\u010detnickou agendu<\/strong>. To znamen\u00e1 n\u00e1kup, evidenci, katalogizaci, obalov\u00e1n\u00ed a distribuci knih a \u010dasopis\u016f. D\u00e1le n\u00e1kup materi\u00e1lu, \u00fadr\u017ebu software a licenc\u00ed, pot\u0159ebn\u00fdch pro provoz knihoven. Zaji\u0161\u0165uje odborn\u00e9 pro\u0161kolov\u00e1n\u00ed zam\u011bstnac\u016f a p\u0159ipravuje projekty. Zaji\u0161\u0165uje sb\u011br a vyhodnocen\u00ed statistick\u00fdch \u00fadaj\u016f a jejich p\u0159ed\u00e1n\u00ed na Ministerstvo kultury \u010cR. Na \u010d\u00e1st t\u00e9to \u010dinnosti dost\u00e1v\u00e1 od MS kraje dotaci, kter\u00e1 je p\u0159id\u011blov\u00e1na podle <strong>po\u010dtu obyvatel<\/strong> v obc\u00edch obsluhovan\u00fdch knihoven.<\/p>\n","protected":false},"excerpt":{"rendered":"<p>&nbsp; Knihovna Dobr\u00e1 je pov\u011b\u0159ena Moravskoslezsk\u00fdm krajem vykon\u00e1vat region\u00e1ln\u00ed funkce pro tyto obce : Dobratice, Horn\u00ed Domaslavice, No\u0161ovice, Pazdernou, Sob\u011b\u0161ovice, Vojkovice a \u017dermanice. Pro tyto knihovny, na z\u00e1klad\u011b vz\u00e1jemn\u00fdch smluv, prov\u00e1d\u00ed ve\u0161kerou odbornou knihovnickou, person\u00e1ln\u00ed, mzdovou a \u00fa\u010detnickou agendu. To znamen\u00e1 n\u00e1kup, evidenci, katalogizaci, obalov\u00e1n\u00ed a distribuci knih a \u010dasopis\u016f. D\u00e1le n\u00e1kup materi\u00e1lu, \u00fadr\u017ebu software [&hellip;]<\/p>\n","protected":false},"author":1,"featured_media":0,"parent":0,"menu_order":0,"comment_status":"closed","ping_status":"closed","template":"","meta":{"ngg_post_thumbnail":0,"footnotes":""},"class_list":["post-114","page","type-page","status-publish","hentry"],"_links":{"self":[{"href":"https:\/\/dobratice.knihovna.info\/index.php?rest_route=\/wp\/v2\/pages\/114","targetHints":{"allow":["GET"]}}],"collection":[{"href":"https:\/\/dobratice.knihovna.info\/index.php?rest_route=\/wp\/v2\/pages"}],"about":[{"href":"https:\/\/dobratice.knihovna.info\/index.php?rest_route=\/wp\/v2\/types\/page"}],"author":[{"embeddable":true,"href":"https:\/\/dobratice.knihovna.info\/index.php?rest_route=\/wp\/v2\/users\/1"}],"replies":[{"embeddable":true,"href":"https:\/\/dobratice.knihovna.info\/index.php?rest_route=%2Fwp%2Fv2%2Fcomments&post=114"}],"version-history":[{"count":3,"href":"https:\/\/dobratice.knihovna.info\/index.php?rest_route=\/wp\/v2\/pages\/114\/revisions"}],"predecessor-version":[{"id":152,"href":"https:\/\/dobratice.knihovna.info\/index.php?rest_route=\/wp\/v2\/pages\/114\/revisions\/152"}],"wp:attachment":[{"href":"https:\/\/dobratice.knihovna.info\/index.php?rest_route=%2Fwp%2Fv2%2Fmedia&parent=114"}],"curies":[{"name":"wp","href":"https:\/\/api.w.org\/{rel}","templated":true}]}}