
{"id":118,"date":"2016-02-08T12:19:18","date_gmt":"2016-02-08T12:19:18","guid":{"rendered":"http:\/\/dobratice.knihovna.info\/?page_id=118"},"modified":"2018-10-29T19:39:15","modified_gmt":"2018-10-29T19:39:15","slug":"uvod-2","status":"publish","type":"page","link":"https:\/\/dobratice.knihovna.info\/","title":{"rendered":"\u00davod"},"content":{"rendered":"<p><strong>Pozor ! Str\u00e1nky knihovny jsou p\u0159est\u011bhov\u00e1ny na tuto adresu:<\/strong><\/p>\n<p><a href=\"https:\/\/knihovna-dobratice.webnode.cz\/\" target=\"_blank\" rel=\"noopener\">https:\/\/knihovna-dobratice.webnode.cz\/<\/a><\/p>\n<p>D\u011bkujeme za pochopen\u00ed.&nbsp;<\/p>\n","protected":false},"excerpt":{"rendered":"<p>Pozor ! Str\u00e1nky knihovny jsou p\u0159est\u011bhov\u00e1ny na tuto adresu: https:\/\/knihovna-dobratice.webnode.cz\/ D\u011bkujeme za pochopen\u00ed.&nbsp;<\/p>\n","protected":false},"author":1,"featured_media":0,"parent":0,"menu_order":2,"comment_status":"closed","ping_status":"closed","template":"","meta":{"ngg_post_thumbnail":0,"footnotes":""},"class_list":["post-118","page","type-page","status-publish","hentry"],"_links":{"self":[{"href":"https:\/\/dobratice.knihovna.info\/index.php?rest_route=\/wp\/v2\/pages\/118","targetHints":{"allow":["GET"]}}],"collection":[{"href":"https:\/\/dobratice.knihovna.info\/index.php?rest_route=\/wp\/v2\/pages"}],"about":[{"href":"https:\/\/dobratice.knihovna.info\/index.php?rest_route=\/wp\/v2\/types\/page"}],"author":[{"embeddable":true,"href":"https:\/\/dobratice.knihovna.info\/index.php?rest_route=\/wp\/v2\/users\/1"}],"replies":[{"embeddable":true,"href":"https:\/\/dobratice.knihovna.info\/index.php?rest_route=%2Fwp%2Fv2%2Fcomments&post=118"}],"version-history":[{"count":6,"href":"https:\/\/dobratice.knihovna.info\/index.php?rest_route=\/wp\/v2\/pages\/118\/revisions"}],"predecessor-version":[{"id":158,"href":"https:\/\/dobratice.knihovna.info\/index.php?rest_route=\/wp\/v2\/pages\/118\/revisions\/158"}],"wp:attachment":[{"href":"https:\/\/dobratice.knihovna.info\/index.php?rest_route=%2Fwp%2Fv2%2Fmedia&parent=118"}],"curies":[{"name":"wp","href":"https:\/\/api.w.org\/{rel}","templated":true}]}}