
{"id":20,"date":"2012-01-10T19:53:39","date_gmt":"2012-01-10T19:53:39","guid":{"rendered":"http:\/\/dobratice.knihovna.info\/?page_id=20"},"modified":"2016-03-22T13:09:20","modified_gmt":"2016-03-22T13:09:20","slug":"o-nas","status":"publish","type":"page","link":"https:\/\/dobratice.knihovna.info\/?page_id=20","title":{"rendered":"O n\u00e1s"},"content":{"rendered":"<p><span style=\"font-family: arial,helvetica,sans-serif;\"><strong><em>Na\u0161e knihovna je modern\u00ed informa\u010dn\u00ed instituci, kter\u00e1 vyhled\u00e1v\u00e1, z\u00edsk\u00e1v\u00e1 a p\u0159ed\u00e1v\u00e1 informace a slu\u017eby spokojen\u00fdm u\u017eivatel\u016fm, prost\u0159ednictv\u00edm odborn\u011b vy\u0161kolen\u00e9ho person\u00e1lu, bez ohledu na n\u00e1rodnost, v\u011bk nebo handicap. Informa\u010dn\u00ed slu\u017eby zprost\u0159edkov\u00e1v\u00e1 pomoc\u00ed informa\u010dn\u00edch technologi\u00ed po 24 hodin, sedm dn\u016f v\u00a0t\u00fddnu.\u00a0<\/em><\/strong><\/span><\/p>\n<p>&nbsp;<\/p>\n<p>U\u017eivatel\u00e9 si mohou v\u00a0klidu z\u00a0domova nebo ze zam\u011bstn\u00e1n\u00ed zajistit <strong>rezervace <\/strong>vyp\u016fj\u010den\u00fdch i nevyp\u016fj\u010den\u00fdch dokument\u016f, zjistit jak\u00e9 <strong>novinky<\/strong> knihovna nakoupila, v\u00a0kter\u00e9 knihovn\u011b jej\u00edho regionu se knihy nach\u00e1z\u00ed.<\/p>\n<p>Pokud po\u017eadovan\u00fd dokument u\u017eivatel v knihovn\u011b nenajde, m\u016f\u017ee\u00a0si jej <strong>objednat<\/strong> prost\u0159ednictv\u00edm <strong>meziknihovn\u00ed v\u00fdp\u016fj\u010dn\u00ed slu\u017eby z jin\u00e9 knihovny.<\/strong><\/p>\n<p>&nbsp;<\/p>\n<p>Ob\u010dan\u00e9 maj\u00ed <strong>bezplatn\u00fd p\u0159\u00edstup<\/strong> <strong>k internetu<\/strong> v knihovn\u011b.\u00a0 Tak\u00e9 nab\u00edz\u00edme k vyu\u017e\u00edt\u00ed multifunk\u010dn\u00ed <strong>barevnou inkoustovou tisk\u00e1rnu<\/strong> a\u00a0 <strong>laminova\u010dku dokument\u016f<\/strong> a\u017e do form\u00e1tu A3.<\/p>\n<p>&nbsp;<\/p>\n<p>Knihovna V\u00e1m nab\u00edz\u00ed nejen rozmanit\u00e9 <span style=\"color: #000000;\"><span style=\"color: #000000;\">slu\u017eby<\/span>, ale tak\u00e9 p\u0159ipravuje r\u016fzn\u00e9 kulturn\u00ed akce.<\/span><\/p>\n<p>&nbsp;<\/p>\n<p>Z na\u0161eho knihovn\u00edho fondu si ur\u010dit\u011b vyberete. Najdete zde v\u0161e od \u010dasopis\u016f, dom\u00e1c\u00ed i zahrani\u010dn\u00ed beletrie p\u0159es d\u011btskou literaturu, sci-fi a fantasy, hobby publikace, turistick\u00e9 pr\u016fvodce a\u017e po slovn\u00edky a popul\u00e1rn\u011b nau\u010dnou a odbornou literaturu.<\/p>\n<p>S v\u00fdb\u011brem, obsluhou po\u010d\u00edta\u010de i jak\u00fdmkoli jin\u00fdm dotazem V\u00e1m <strong>r\u00e1di pom\u016f\u017eeme!<\/strong><\/p>\n<p>&nbsp;<\/p>\n","protected":false},"excerpt":{"rendered":"<p>Na\u0161e knihovna je modern\u00ed informa\u010dn\u00ed instituci, kter\u00e1 vyhled\u00e1v\u00e1, z\u00edsk\u00e1v\u00e1 a p\u0159ed\u00e1v\u00e1 informace a slu\u017eby spokojen\u00fdm u\u017eivatel\u016fm, prost\u0159ednictv\u00edm odborn\u011b vy\u0161kolen\u00e9ho person\u00e1lu, bez ohledu na n\u00e1rodnost, v\u011bk nebo handicap. Informa\u010dn\u00ed slu\u017eby zprost\u0159edkov\u00e1v\u00e1 pomoc\u00ed informa\u010dn\u00edch technologi\u00ed po 24 hodin, sedm dn\u016f v\u00a0t\u00fddnu.\u00a0 &nbsp; U\u017eivatel\u00e9 si mohou v\u00a0klidu z\u00a0domova nebo ze zam\u011bstn\u00e1n\u00ed zajistit rezervace vyp\u016fj\u010den\u00fdch i nevyp\u016fj\u010den\u00fdch dokument\u016f, zjistit [&hellip;]<\/p>\n","protected":false},"author":1,"featured_media":0,"parent":0,"menu_order":1,"comment_status":"closed","ping_status":"closed","template":"","meta":{"ngg_post_thumbnail":0,"footnotes":""},"class_list":["post-20","page","type-page","status-publish","hentry"],"_links":{"self":[{"href":"https:\/\/dobratice.knihovna.info\/index.php?rest_route=\/wp\/v2\/pages\/20","targetHints":{"allow":["GET"]}}],"collection":[{"href":"https:\/\/dobratice.knihovna.info\/index.php?rest_route=\/wp\/v2\/pages"}],"about":[{"href":"https:\/\/dobratice.knihovna.info\/index.php?rest_route=\/wp\/v2\/types\/page"}],"author":[{"embeddable":true,"href":"https:\/\/dobratice.knihovna.info\/index.php?rest_route=\/wp\/v2\/users\/1"}],"replies":[{"embeddable":true,"href":"https:\/\/dobratice.knihovna.info\/index.php?rest_route=%2Fwp%2Fv2%2Fcomments&post=20"}],"version-history":[{"count":7,"href":"https:\/\/dobratice.knihovna.info\/index.php?rest_route=\/wp\/v2\/pages\/20\/revisions"}],"predecessor-version":[{"id":117,"href":"https:\/\/dobratice.knihovna.info\/index.php?rest_route=\/wp\/v2\/pages\/20\/revisions\/117"}],"wp:attachment":[{"href":"https:\/\/dobratice.knihovna.info\/index.php?rest_route=%2Fwp%2Fv2%2Fmedia&parent=20"}],"curies":[{"name":"wp","href":"https:\/\/api.w.org\/{rel}","templated":true}]}}