
{"id":5,"date":"2012-01-10T19:37:16","date_gmt":"2012-01-10T19:37:16","guid":{"rendered":"http:\/\/www.knihovna.info\/xxxx\/?page_id=5"},"modified":"2017-12-07T14:37:17","modified_gmt":"2017-12-07T14:37:17","slug":"kontakt","status":"publish","type":"page","link":"https:\/\/dobratice.knihovna.info\/?page_id=5","title":{"rendered":"Kontakt"},"content":{"rendered":"<p><strong>Adresa<\/strong><br \/> Dobratice \u010d.p. 58<\/p>\n<p>739 51 Dobr\u00e1<\/p>\n<p><strong>Mgr. Martina \u0158ehov\u00e1 <\/strong><\/p>\n<p><strong>Email:<br \/><a href=\"mailto:knihovnadobratice@seznam.cz\">knihovnadobratice@seznam.cz<\/a><\/strong><\/p>\n<p>&nbsp;<\/p>\n<p>&nbsp;<\/p>\n<hr \/>\n<p>M\u016f\u017eete n\u00e1m tak\u00e9 napsat za pomoc\u00ed n\u00ed\u017ee uveden\u00e9ho formul\u00e1\u0159e.<\/p>\n<p>[contact-form-7 id=&#8221;4&#8243; title=&#8221;Contact form 1&#8243;]<\/p>\n","protected":false},"excerpt":{"rendered":"<p>Adresa Dobratice \u010d.p. 58 739 51 Dobr\u00e1 Mgr. Martina \u0158ehov\u00e1 Email:knihovnadobratice@seznam.cz &nbsp; &nbsp; M\u016f\u017eete n\u00e1m tak\u00e9 napsat za pomoc\u00ed n\u00ed\u017ee uveden\u00e9ho formul\u00e1\u0159e. [contact-form-7 id=&#8221;4&#8243; title=&#8221;Contact form 1&#8243;]<\/p>\n","protected":false},"author":1,"featured_media":0,"parent":0,"menu_order":0,"comment_status":"closed","ping_status":"closed","template":"","meta":{"ngg_post_thumbnail":0,"footnotes":""},"class_list":["post-5","page","type-page","status-publish","hentry"],"_links":{"self":[{"href":"https:\/\/dobratice.knihovna.info\/index.php?rest_route=\/wp\/v2\/pages\/5","targetHints":{"allow":["GET"]}}],"collection":[{"href":"https:\/\/dobratice.knihovna.info\/index.php?rest_route=\/wp\/v2\/pages"}],"about":[{"href":"https:\/\/dobratice.knihovna.info\/index.php?rest_route=\/wp\/v2\/types\/page"}],"author":[{"embeddable":true,"href":"https:\/\/dobratice.knihovna.info\/index.php?rest_route=\/wp\/v2\/users\/1"}],"replies":[{"embeddable":true,"href":"https:\/\/dobratice.knihovna.info\/index.php?rest_route=%2Fwp%2Fv2%2Fcomments&post=5"}],"version-history":[{"count":14,"href":"https:\/\/dobratice.knihovna.info\/index.php?rest_route=\/wp\/v2\/pages\/5\/revisions"}],"predecessor-version":[{"id":155,"href":"https:\/\/dobratice.knihovna.info\/index.php?rest_route=\/wp\/v2\/pages\/5\/revisions\/155"}],"wp:attachment":[{"href":"https:\/\/dobratice.knihovna.info\/index.php?rest_route=%2Fwp%2Fv2%2Fmedia&parent=5"}],"curies":[{"name":"wp","href":"https:\/\/api.w.org\/{rel}","templated":true}]}}